{"id":1278,"date":"2021-02-26T12:49:42","date_gmt":"2021-02-26T12:49:42","guid":{"rendered":"https:\/\/dezinsectiiprofesionale.ro\/?page_id=1278"},"modified":"2021-02-26T14:11:50","modified_gmt":"2021-02-26T14:11:50","slug":"duracid-spray-viespi","status":"publish","type":"page","link":"https:\/\/dezinsectiiprofesionale.ro\/index.php\/duracid-spray-viespi\/","title":{"rendered":"Duracid Spray Viespi"},"content":{"rendered":"\t\t<div data-elementor-type=\"wp-page\" data-elementor-id=\"1278\" class=\"elementor elementor-1278\">\n\t\t\t\t\t\t<section class=\"elementor-section elementor-top-section elementor-element elementor-element-2dd7af6d elementor-section-boxed elementor-section-height-default elementor-section-height-default\" data-id=\"2dd7af6d\" data-element_type=\"section\" data-e-type=\"section\">\n\t\t\t\t\t\t<div class=\"elementor-container elementor-column-gap-default\">\n\t\t\t\t\t<div class=\"elementor-column elementor-col-100 elementor-top-column elementor-element elementor-element-a827d7b\" data-id=\"a827d7b\" data-element_type=\"column\" data-e-type=\"column\">\n\t\t\t<div class=\"elementor-widget-wrap elementor-element-populated\">\n\t\t\t\t\t\t<div class=\"elementor-element elementor-element-5a7b045c elementor-widget elementor-widget-text-editor\" data-id=\"5a7b045c\" data-element_type=\"widget\" data-e-type=\"widget\" data-widget_type=\"text-editor.default\">\n\t\t\t\t<div class=\"elementor-widget-container\">\n\t\t\t\t\t\t\t\t\t<h3 style=\"text-align: center;\"><span style=\"color: #ff0000;\"><strong>DURACID SPRAY VIESPI<\/strong><\/span><br \/><span style=\"color: #000000;\">l<\/span><span style=\"color: #000000;\">nsecticid cu aerosoli impotriva viespilor si gargaunilor<\/span><\/h3>\t\t\t\t\t\t\t\t<\/div>\n\t\t\t\t<\/div>\n\t\t\t\t\t<\/div>\n\t\t<\/div>\n\t\t\t\t\t<\/div>\n\t\t<\/section>\n\t\t\t\t<section class=\"elementor-section elementor-top-section elementor-element elementor-element-ec47f02 elementor-section-boxed elementor-section-height-default elementor-section-height-default\" data-id=\"ec47f02\" data-element_type=\"section\" data-e-type=\"section\">\n\t\t\t\t\t\t<div class=\"elementor-container elementor-column-gap-default\">\n\t\t\t\t\t<div class=\"elementor-column elementor-col-50 elementor-top-column elementor-element elementor-element-43377b2\" data-id=\"43377b2\" data-element_type=\"column\" data-e-type=\"column\">\n\t\t\t<div class=\"elementor-widget-wrap elementor-element-populated\">\n\t\t\t\t\t\t<div class=\"elementor-element elementor-element-962f2b0 elementor-widget elementor-widget-text-editor\" data-id=\"962f2b0\" data-element_type=\"widget\" data-e-type=\"widget\" data-widget_type=\"text-editor.default\">\n\t\t\t\t<div class=\"elementor-widget-container\">\n\t\t\t\t\t\t\t\t\t<span style=\"color: #ff0000;\"><strong>CARACTERISTICI:<\/strong><\/span>\n<br>\n<span style=\"color: #ff0000;\"><strong>Duracid Spray Viespi<\/strong><\/span> este un insecticid cu aerosoli pentru controlul si eliminarea insectelor zburatoare si in special viespi. Avand in vedere componentele sale, produsul are o actiune duala: distructiva si reziduala. Are un dozator special pentru a atinge usor tinta.\n\n<br>\n<span style=\"color: #ff0000;\"><strong>Duracid Spray Viespi<\/strong><\/span> are o duza speciala cu raza lunga de actiune (pana la 4 metri) care permite efectuarea tratamentului la o distanta sigura.\n<br>\nPotrivit pentru uz casnic si civil.\n<br>\n<span style=\"color: #ff0000;\"><strong>Duracid Spray Viespi<\/strong><\/span> este foarte eficient impotriva viespilor, fiind prevazut cu aplicator special care faciliteaza tratarea obiectivului dorit. Jetul de solutie insecticida ajunge la 4 metri distanta. Efect insecticid puternic.\n<br>\nDatorita compozitiei, are o actiune dubla, de combatere si reziduala. Din acest motiv, jetul trebuie sa fie indreptat nu numai in aerul din mediul \u00eenconjurator, ci si spre suprafetele din mediul care se doreste a fi tratat. Pentru caracteristicile sale, ingrediente active dizolvate in apa, <span style=\"color: #ff0000;\"><strong>Duracid Spray Viespi<\/strong><\/span> este folosit in dezinsectia mediilor inconjuratoare, a comunitatilor, a hotelurilor, a depozitelor si a magaziilor.\n<br><br>\n\n<span style=\"color: #ff0000;\"><strong>COMPOZITIE:<\/strong><\/span><br>\n<span style=\"color: #ff0000;\"><strong>\u2022<\/strong><\/span> Cipermetrina 40\/60 0,125 g<br>\n<span style=\"color: #ff0000;\"><strong>\u2022<\/strong><\/span> Tetrametrina 0,25 g<br>\n<span style=\"color: #ff0000;\"><strong>\u2022<\/strong><\/span> Piperonilbutoxid 1,25 g<br>\n<span style=\"color: #ff0000;\"><strong>\u2022<\/strong><\/span> Emulsionant si antioxidant 0,42 g<br>\n<span style=\"color: #ff0000;\"><strong>\u2022<\/strong><\/span> Petrol inodor 5,28 g<br>\n<span style=\"color: #ff0000;\"><strong>\u2022<\/strong><\/span> Butan Propan 35,00 g<br>\n<span style=\"color: #ff0000;\"><strong>\u2022<\/strong><\/span> Apa deionizata q.b. a 100\t\t\t\t\t\t\t\t<\/div>\n\t\t\t\t<\/div>\n\t\t\t\t\t<\/div>\n\t\t<\/div>\n\t\t\t\t<div class=\"elementor-column elementor-col-50 elementor-top-column elementor-element elementor-element-5191a5f\" data-id=\"5191a5f\" data-element_type=\"column\" data-e-type=\"column\">\n\t\t\t<div class=\"elementor-widget-wrap elementor-element-populated\">\n\t\t\t\t\t\t<div class=\"elementor-element elementor-element-d6fa0e2 elementor-invisible elementor-widget elementor-widget-image\" data-id=\"d6fa0e2\" data-element_type=\"widget\" data-e-type=\"widget\" data-settings=\"{&quot;_animation&quot;:&quot;zoomIn&quot;}\" data-widget_type=\"image.default\">\n\t\t\t\t<div class=\"elementor-widget-container\">\n\t\t\t\t\t\t\t\t\t\t\t\t\t\t\t<img fetchpriority=\"high\" decoding=\"async\" width=\"314\" height=\"782\" src=\"https:\/\/dezinsectiiprofesionale.ro\/wp-content\/uploads\/2021\/02\/duracid-spray-viespi.png\" class=\"elementor-animation-grow attachment-large size-large wp-image-1286\" alt=\"Duracid Spray Viespi - Vebi\" srcset=\"https:\/\/dezinsectiiprofesionale.ro\/wp-content\/uploads\/2021\/02\/duracid-spray-viespi.png 314w, https:\/\/dezinsectiiprofesionale.ro\/wp-content\/uploads\/2021\/02\/duracid-spray-viespi-120x300.png 120w\" sizes=\"(max-width: 314px) 100vw, 314px\" \/>\t\t\t\t\t\t\t\t\t\t\t\t\t\t\t<\/div>\n\t\t\t\t<\/div>\n\t\t\t\t\t<\/div>\n\t\t<\/div>\n\t\t\t\t\t<\/div>\n\t\t<\/section>\n\t\t\t\t<section class=\"elementor-section elementor-top-section elementor-element elementor-element-53fbf8f elementor-section-boxed elementor-section-height-default elementor-section-height-default\" data-id=\"53fbf8f\" data-element_type=\"section\" data-e-type=\"section\">\n\t\t\t\t\t\t<div class=\"elementor-container elementor-column-gap-default\">\n\t\t\t\t\t<div class=\"elementor-column elementor-col-100 elementor-top-column elementor-element elementor-element-0060f78\" data-id=\"0060f78\" data-element_type=\"column\" data-e-type=\"column\">\n\t\t\t<div class=\"elementor-widget-wrap elementor-element-populated\">\n\t\t\t\t\t\t<div class=\"elementor-element elementor-element-28417af elementor-widget elementor-widget-text-editor\" data-id=\"28417af\" data-element_type=\"widget\" data-e-type=\"widget\" data-widget_type=\"text-editor.default\">\n\t\t\t\t<div class=\"elementor-widget-container\">\n\t\t\t\t\t\t\t\t\tAcum in cantitate mai mare, substanta activa este propulsata din flaconul de 750 ml sub o presiune si debit deosebit de ridicate, astfel putand pulveriza in 2 secunde o cantitate de 50ml substanta pana la o distanta de 4-5 m, impotriva cuiburilor si a insectelor zburatoare, distanta aceasta punandu-va la adapost de atacul acestora in timp ce le exterminati.\n<br>\nAceste caracteristici tehnice incadreaza spray-ul\u00a0<span style=\"color: #ff0000;\"><span style=\"font-weight: bold;\">Duracid Spray Viespi<\/span><\/span>\u00a0pentru uz profesional si pentru populatie.<br><br>\n<span style=\"color: #ff0000;\"><span style=\"font-weight: bold;\">UTILIZARE:<\/span><\/span>\n<br>\nSe va pulveriza in directia cuiburilor de viespi sau gargauni, de preferinta seara sau dimineata devreme pentru a surprinde cat cai multi indivizi, in ideea de a extermina intregul cuib instantaneu. A nu se pulveriza asupra sau in directia  animalelor domestice sau a oamenilor. \n<br>\n<strong>Atentie!<\/strong> &#8211; nu a fost testata compatibilitatea cu albinele, in lipsa testelor elocvente se considera ca este toxic pentru albine. \n<br>\nEfectul este absolut imediat, instantaneu, astfel, actionand asupra sistemului nervos al viespilor, <span style=\"color: #ff0000;\"><span style=\"font-weight: bold;\">Duracid Spray Viespi<\/span><\/span> are un efect instantaneu de &#8220;inghetare&#8221; a insectelor, chiar si asupra celor prinse in zbor. \n<br>\nCel mai eficient este cand se pulverizeaza direct pe cuibul viespilor (un cuib, sau colonie putand avea vara pana la cateva sute de indivizi). Astfel durata de actiune pentru un efect de 100% este de pana la cateva secunde asupra cuibului si indivizilor din cuib si de pana la cateva minute pentru viespile intoarse in cuib in urmatoarele 3 ore.\nNu se va depasi 5 secunde de pulverizare \/ cuib (50 ml). \n<br><br>\n<em><strong>Precautii:<\/strong> nu lasati la indemana copiilor, tineti departe de orice sursa de caldura sau flacara deschisa. Nu perforati si nu aruncati in foc recipientul dupa golire, nu expuneti la soare sau la temperaturi mai mari de 50C. Foarte toxic pentru mediul acvatic. In caz de inghitire consultati imediat un medic si prezentati ambalajul sau eticheta.<\/em> \n \t\t\t\t\t\t\t\t<\/div>\n\t\t\t\t<\/div>\n\t\t\t\t\t<\/div>\n\t\t<\/div>\n\t\t\t\t\t<\/div>\n\t\t<\/section>\n\t\t\t\t<section class=\"elementor-section elementor-top-section elementor-element elementor-element-657181d elementor-section-boxed elementor-section-height-default elementor-section-height-default\" data-id=\"657181d\" data-element_type=\"section\" data-e-type=\"section\">\n\t\t\t\t\t\t<div class=\"elementor-container elementor-column-gap-default\">\n\t\t\t\t\t<div class=\"elementor-column elementor-col-100 elementor-top-column elementor-element elementor-element-3b7a141\" data-id=\"3b7a141\" data-element_type=\"column\" data-e-type=\"column\">\n\t\t\t<div class=\"elementor-widget-wrap elementor-element-populated\">\n\t\t\t\t\t\t<div class=\"elementor-element elementor-element-99f0f18 elementor-widget elementor-widget-text-editor\" data-id=\"99f0f18\" data-element_type=\"widget\" data-e-type=\"widget\" data-widget_type=\"text-editor.default\">\n\t\t\t\t<div class=\"elementor-widget-container\">\n\t\t\t\t\t\t\t\t\t<strong>Masuri preventive in tratamentul de combatere a viespiilor<\/strong>\n<br>\nPentru combaterea viespilor, se recomanda utilizarea produsului cand insectele nu sunt agitate (dimineata sau seara cand dorm), aplicand direct pe cuib, dar si in jurul acestuia, de la o distanta de protectie.\n<br>\n<strong>Atentie!<\/strong> Pe toata durata tratamentului si dupa zona trebuie evacuata atat de persoane cat si de animale. Acestea nu vor muri imediat iar pana atunci vor fi foarte agresive.\n<br>\nDaca doriti sa \u00eendepartati personal cuibul de viespi trebuie mai \u00eent\u00e2i sa va asigurati ca nu sunteti alergic la \u00eentepaturile de viespe, sa folositi in mod obligatoriu echipament de protectie (Costum Anti Viespi), ochelari de protectie, masca, pentru ca aceasta activitate sa nu va puna sanatatea \u00een pericol.\n<br>\nDe obicei, viespile \u00eenteapa \u00een zona gleznei si a capului, deci asigurati-va ca aceste zone sunt protejate corespunzator, pentru ca indiferent daca sunteti sau nu alergici, \u00eentepaturile lor pot provoca dureri destul de mari.\n<br>\nDe asemenea, va trebui sa va pregatiti ruta de evacuare dupa aplicarea insecticidului care va declansa o reactie violenta a viespilor, iar retragerea dumnevoastra din zona contaminata si periculoasa trebuie sa se faca c\u00e2t mai repede si fara obstacole.\n<br>\nDaca roiul de viespi este situat la o \u00eenaltime destul de mare este indicat sa nu va urcati pe scara ca sa ajungeti la el deoarece, \u00een situatia \u00een care sunteti atacat de mai multe viespi sa nu va raniti grav caz\u00e2nd de pe scara.\n<br>\n<strong><em>Va recomandam sa pulverizati insecticidul aerosol si apoi sa parasiti zona.<\/em><\/strong><br><br>\t\t\t\t\t\t\t\t<\/div>\n\t\t\t\t<\/div>\n\t\t\t\t\t<\/div>\n\t\t<\/div>\n\t\t\t\t\t<\/div>\n\t\t<\/section>\n\t\t\t\t<section class=\"elementor-section elementor-top-section elementor-element elementor-element-5902b70e elementor-section-boxed elementor-section-height-default elementor-section-height-default\" data-id=\"5902b70e\" data-element_type=\"section\" data-e-type=\"section\">\n\t\t\t\t\t\t<div class=\"elementor-container elementor-column-gap-default\">\n\t\t\t\t\t<div class=\"elementor-column elementor-col-100 elementor-top-column elementor-element elementor-element-3b83f937\" data-id=\"3b83f937\" data-element_type=\"column\" data-e-type=\"column\">\n\t\t\t<div class=\"elementor-widget-wrap elementor-element-populated\">\n\t\t\t\t\t\t<div class=\"elementor-element elementor-element-4f0f6928 elementor-invisible elementor-widget elementor-widget-google_maps\" data-id=\"4f0f6928\" data-element_type=\"widget\" data-e-type=\"widget\" data-settings=\"{&quot;_animation&quot;:&quot;zoomIn&quot;}\" data-widget_type=\"google_maps.default\">\n\t\t\t\t<div class=\"elementor-widget-container\">\n\t\t\t\t\t\t\t<div class=\"elementor-custom-embed\">\n\t\t\t<iframe loading=\"lazy\"\n\t\t\t\t\tsrc=\"https:\/\/maps.google.com\/maps?q=Cluj-Napoca%2C%20Str.%20Albiei%2C%20Nr.4&#038;t=m&#038;z=10&#038;output=embed&#038;iwloc=near\"\n\t\t\t\t\ttitle=\"Cluj-Napoca, Str. Albiei, Nr.4\"\n\t\t\t\t\taria-label=\"Cluj-Napoca, Str. Albiei, Nr.4\"\n\t\t\t><\/iframe>\n\t\t<\/div>\n\t\t\t\t\t\t<\/div>\n\t\t\t\t<\/div>\n\t\t\t\t\t<\/div>\n\t\t<\/div>\n\t\t\t\t\t<\/div>\n\t\t<\/section>\n\t\t\t\t<section class=\"elementor-section elementor-top-section elementor-element elementor-element-178f11a7 elementor-section-boxed elementor-section-height-default elementor-section-height-default\" data-id=\"178f11a7\" data-element_type=\"section\" data-e-type=\"section\">\n\t\t\t\t\t\t<div class=\"elementor-container elementor-column-gap-default\">\n\t\t\t\t\t<div class=\"elementor-column elementor-col-100 elementor-top-column elementor-element elementor-element-3a6fd9ec\" data-id=\"3a6fd9ec\" data-element_type=\"column\" data-e-type=\"column\">\n\t\t\t<div class=\"elementor-widget-wrap elementor-element-populated\">\n\t\t\t\t\t\t<div class=\"elementor-element elementor-element-438e7f80 elementor-widget elementor-widget-text-editor\" data-id=\"438e7f80\" data-element_type=\"widget\" data-e-type=\"widget\" data-widget_type=\"text-editor.default\">\n\t\t\t\t<div class=\"elementor-widget-container\">\n\t\t\t\t\t\t\t\t\t<p><strong>Servicii Publice S.A.<\/strong><br \/>Adresa: Str. Albiei, Nr.4, Cluj-Napoca, Cluj, Romania, 400633<br \/>Telefon: 0264 418 676 ;\u00a0 \u00a0Fax: 0264 413 777<br \/>E-mail: office@servicii-publice.ro<\/p>\t\t\t\t\t\t\t\t<\/div>\n\t\t\t\t<\/div>\n\t\t\t\t\t<\/div>\n\t\t<\/div>\n\t\t\t\t\t<\/div>\n\t\t<\/section>\n\t\t\t\t<\/div>\n\t\t","protected":false},"excerpt":{"rendered":"<p>DURACID SPRAY VIESPIlnsecticid cu aerosoli impotriva viespilor si gargaunilor CARACTERISTICI: Duracid Spray Viespi este un insecticid cu aerosoli pentru controlul si eliminarea insectelor zburatoare si in special viespi. Avand in<\/p>\n<p class=\"more-link\"><a href=\"https:\/\/dezinsectiiprofesionale.ro\/index.php\/duracid-spray-viespi\/\" class=\"readmore\">Continue reading<svg class=\"icon icon-arrow-right\" aria-hidden=\"true\" role=\"img\"> <use href=\"#icon-arrow-right\" xlink:href=\"#icon-arrow-right\"><\/use> <\/svg><span class=\"screen-reader-text\">Duracid Spray Viespi<\/span><\/a><\/p>\n","protected":false},"author":1,"featured_media":0,"parent":0,"menu_order":0,"comment_status":"closed","ping_status":"closed","template":"","meta":{"footnotes":""},"class_list":["post-1278","page","type-page","status-publish","hentry"],"yoast_head":"<!-- This site is optimized with the Yoast SEO plugin v27.3 - https:\/\/yoast.com\/product\/yoast-seo-wordpress\/ -->\n<title>Duracid Spray Viespi - Dezinsectii Profesionale<\/title>\n<meta name=\"robots\" content=\"index, follow, max-snippet:-1, max-image-preview:large, max-video-preview:-1\" \/>\n<link rel=\"canonical\" href=\"https:\/\/dezinsectiiprofesionale.ro\/index.php\/duracid-spray-viespi\/\" \/>\n<meta property=\"og:locale\" content=\"en_US\" \/>\n<meta property=\"og:type\" content=\"article\" \/>\n<meta property=\"og:title\" content=\"Duracid Spray Viespi - Dezinsectii Profesionale\" \/>\n<meta property=\"og:description\" content=\"DURACID SPRAY VIESPIlnsecticid cu aerosoli impotriva viespilor si gargaunilor CARACTERISTICI: Duracid Spray Viespi este un insecticid cu aerosoli pentru controlul si eliminarea insectelor zburatoare si in special viespi. Avand inContinue reading Duracid Spray Viespi\" \/>\n<meta property=\"og:url\" content=\"https:\/\/dezinsectiiprofesionale.ro\/index.php\/duracid-spray-viespi\/\" \/>\n<meta property=\"og:site_name\" content=\"Dezinsectii Profesionale\" \/>\n<meta property=\"article:modified_time\" content=\"2021-02-26T14:11:50+00:00\" \/>\n<meta property=\"og:image\" content=\"https:\/\/dezinsectiiprofesionale.ro\/wp-content\/uploads\/2021\/02\/duracid-spray-viespi.png\" \/>\n<meta name=\"twitter:card\" content=\"summary_large_image\" \/>\n<meta name=\"twitter:label1\" content=\"Est. reading time\" \/>\n\t<meta name=\"twitter:data1\" content=\"4 minutes\" \/>\n<script type=\"application\/ld+json\" class=\"yoast-schema-graph\">{\"@context\":\"https:\\\/\\\/schema.org\",\"@graph\":[{\"@type\":\"WebPage\",\"@id\":\"https:\\\/\\\/dezinsectiiprofesionale.ro\\\/index.php\\\/duracid-spray-viespi\\\/\",\"url\":\"https:\\\/\\\/dezinsectiiprofesionale.ro\\\/index.php\\\/duracid-spray-viespi\\\/\",\"name\":\"Duracid Spray Viespi - Dezinsectii Profesionale\",\"isPartOf\":{\"@id\":\"https:\\\/\\\/dezinsectiiprofesionale.ro\\\/#website\"},\"primaryImageOfPage\":{\"@id\":\"https:\\\/\\\/dezinsectiiprofesionale.ro\\\/index.php\\\/duracid-spray-viespi\\\/#primaryimage\"},\"image\":{\"@id\":\"https:\\\/\\\/dezinsectiiprofesionale.ro\\\/index.php\\\/duracid-spray-viespi\\\/#primaryimage\"},\"thumbnailUrl\":\"https:\\\/\\\/dezinsectiiprofesionale.ro\\\/wp-content\\\/uploads\\\/2021\\\/02\\\/duracid-spray-viespi.png\",\"datePublished\":\"2021-02-26T12:49:42+00:00\",\"dateModified\":\"2021-02-26T14:11:50+00:00\",\"breadcrumb\":{\"@id\":\"https:\\\/\\\/dezinsectiiprofesionale.ro\\\/index.php\\\/duracid-spray-viespi\\\/#breadcrumb\"},\"inLanguage\":\"en-US\",\"potentialAction\":[{\"@type\":\"ReadAction\",\"target\":[\"https:\\\/\\\/dezinsectiiprofesionale.ro\\\/index.php\\\/duracid-spray-viespi\\\/\"]}]},{\"@type\":\"ImageObject\",\"inLanguage\":\"en-US\",\"@id\":\"https:\\\/\\\/dezinsectiiprofesionale.ro\\\/index.php\\\/duracid-spray-viespi\\\/#primaryimage\",\"url\":\"https:\\\/\\\/dezinsectiiprofesionale.ro\\\/wp-content\\\/uploads\\\/2021\\\/02\\\/duracid-spray-viespi.png\",\"contentUrl\":\"https:\\\/\\\/dezinsectiiprofesionale.ro\\\/wp-content\\\/uploads\\\/2021\\\/02\\\/duracid-spray-viespi.png\",\"width\":314,\"height\":782,\"caption\":\"Duracid Spray Viespi - Vebi\"},{\"@type\":\"BreadcrumbList\",\"@id\":\"https:\\\/\\\/dezinsectiiprofesionale.ro\\\/index.php\\\/duracid-spray-viespi\\\/#breadcrumb\",\"itemListElement\":[{\"@type\":\"ListItem\",\"position\":1,\"name\":\"Home\",\"item\":\"https:\\\/\\\/dezinsectiiprofesionale.ro\\\/\"},{\"@type\":\"ListItem\",\"position\":2,\"name\":\"Duracid Spray Viespi\"}]},{\"@type\":\"WebSite\",\"@id\":\"https:\\\/\\\/dezinsectiiprofesionale.ro\\\/#website\",\"url\":\"https:\\\/\\\/dezinsectiiprofesionale.ro\\\/\",\"name\":\"Dezinsectii Profesionale\",\"description\":\"Produse Profesionale - Servicii Profesionale\",\"publisher\":{\"@id\":\"https:\\\/\\\/dezinsectiiprofesionale.ro\\\/#organization\"},\"potentialAction\":[{\"@type\":\"SearchAction\",\"target\":{\"@type\":\"EntryPoint\",\"urlTemplate\":\"https:\\\/\\\/dezinsectiiprofesionale.ro\\\/?s={search_term_string}\"},\"query-input\":{\"@type\":\"PropertyValueSpecification\",\"valueRequired\":true,\"valueName\":\"search_term_string\"}}],\"inLanguage\":\"en-US\"},{\"@type\":\"Organization\",\"@id\":\"https:\\\/\\\/dezinsectiiprofesionale.ro\\\/#organization\",\"name\":\"Dezinsectii Profesionale\",\"url\":\"https:\\\/\\\/dezinsectiiprofesionale.ro\\\/\",\"logo\":{\"@type\":\"ImageObject\",\"inLanguage\":\"en-US\",\"@id\":\"https:\\\/\\\/dezinsectiiprofesionale.ro\\\/#\\\/schema\\\/logo\\\/image\\\/\",\"url\":\"https:\\\/\\\/dezinsectiiprofesionale.ro\\\/wp-content\\\/uploads\\\/2021\\\/02\\\/sigla-sericii-publice.png\",\"contentUrl\":\"https:\\\/\\\/dezinsectiiprofesionale.ro\\\/wp-content\\\/uploads\\\/2021\\\/02\\\/sigla-sericii-publice.png\",\"caption\":\"Dezinsectii Profesionale\"},\"image\":{\"@id\":\"https:\\\/\\\/dezinsectiiprofesionale.ro\\\/#\\\/schema\\\/logo\\\/image\\\/\"}}]}<\/script>\n<!-- \/ Yoast SEO plugin. -->","yoast_head_json":{"title":"Duracid Spray Viespi - Dezinsectii Profesionale","robots":{"index":"index","follow":"follow","max-snippet":"max-snippet:-1","max-image-preview":"max-image-preview:large","max-video-preview":"max-video-preview:-1"},"canonical":"https:\/\/dezinsectiiprofesionale.ro\/index.php\/duracid-spray-viespi\/","og_locale":"en_US","og_type":"article","og_title":"Duracid Spray Viespi - Dezinsectii Profesionale","og_description":"DURACID SPRAY VIESPIlnsecticid cu aerosoli impotriva viespilor si gargaunilor CARACTERISTICI: Duracid Spray Viespi este un insecticid cu aerosoli pentru controlul si eliminarea insectelor zburatoare si in special viespi. Avand inContinue reading Duracid Spray Viespi","og_url":"https:\/\/dezinsectiiprofesionale.ro\/index.php\/duracid-spray-viespi\/","og_site_name":"Dezinsectii Profesionale","article_modified_time":"2021-02-26T14:11:50+00:00","og_image":[{"url":"https:\/\/dezinsectiiprofesionale.ro\/wp-content\/uploads\/2021\/02\/duracid-spray-viespi.png","type":"","width":"","height":""}],"twitter_card":"summary_large_image","twitter_misc":{"Est. reading time":"4 minutes"},"schema":{"@context":"https:\/\/schema.org","@graph":[{"@type":"WebPage","@id":"https:\/\/dezinsectiiprofesionale.ro\/index.php\/duracid-spray-viespi\/","url":"https:\/\/dezinsectiiprofesionale.ro\/index.php\/duracid-spray-viespi\/","name":"Duracid Spray Viespi - Dezinsectii Profesionale","isPartOf":{"@id":"https:\/\/dezinsectiiprofesionale.ro\/#website"},"primaryImageOfPage":{"@id":"https:\/\/dezinsectiiprofesionale.ro\/index.php\/duracid-spray-viespi\/#primaryimage"},"image":{"@id":"https:\/\/dezinsectiiprofesionale.ro\/index.php\/duracid-spray-viespi\/#primaryimage"},"thumbnailUrl":"https:\/\/dezinsectiiprofesionale.ro\/wp-content\/uploads\/2021\/02\/duracid-spray-viespi.png","datePublished":"2021-02-26T12:49:42+00:00","dateModified":"2021-02-26T14:11:50+00:00","breadcrumb":{"@id":"https:\/\/dezinsectiiprofesionale.ro\/index.php\/duracid-spray-viespi\/#breadcrumb"},"inLanguage":"en-US","potentialAction":[{"@type":"ReadAction","target":["https:\/\/dezinsectiiprofesionale.ro\/index.php\/duracid-spray-viespi\/"]}]},{"@type":"ImageObject","inLanguage":"en-US","@id":"https:\/\/dezinsectiiprofesionale.ro\/index.php\/duracid-spray-viespi\/#primaryimage","url":"https:\/\/dezinsectiiprofesionale.ro\/wp-content\/uploads\/2021\/02\/duracid-spray-viespi.png","contentUrl":"https:\/\/dezinsectiiprofesionale.ro\/wp-content\/uploads\/2021\/02\/duracid-spray-viespi.png","width":314,"height":782,"caption":"Duracid Spray Viespi - Vebi"},{"@type":"BreadcrumbList","@id":"https:\/\/dezinsectiiprofesionale.ro\/index.php\/duracid-spray-viespi\/#breadcrumb","itemListElement":[{"@type":"ListItem","position":1,"name":"Home","item":"https:\/\/dezinsectiiprofesionale.ro\/"},{"@type":"ListItem","position":2,"name":"Duracid Spray Viespi"}]},{"@type":"WebSite","@id":"https:\/\/dezinsectiiprofesionale.ro\/#website","url":"https:\/\/dezinsectiiprofesionale.ro\/","name":"Dezinsectii Profesionale","description":"Produse Profesionale - Servicii Profesionale","publisher":{"@id":"https:\/\/dezinsectiiprofesionale.ro\/#organization"},"potentialAction":[{"@type":"SearchAction","target":{"@type":"EntryPoint","urlTemplate":"https:\/\/dezinsectiiprofesionale.ro\/?s={search_term_string}"},"query-input":{"@type":"PropertyValueSpecification","valueRequired":true,"valueName":"search_term_string"}}],"inLanguage":"en-US"},{"@type":"Organization","@id":"https:\/\/dezinsectiiprofesionale.ro\/#organization","name":"Dezinsectii Profesionale","url":"https:\/\/dezinsectiiprofesionale.ro\/","logo":{"@type":"ImageObject","inLanguage":"en-US","@id":"https:\/\/dezinsectiiprofesionale.ro\/#\/schema\/logo\/image\/","url":"https:\/\/dezinsectiiprofesionale.ro\/wp-content\/uploads\/2021\/02\/sigla-sericii-publice.png","contentUrl":"https:\/\/dezinsectiiprofesionale.ro\/wp-content\/uploads\/2021\/02\/sigla-sericii-publice.png","caption":"Dezinsectii Profesionale"},"image":{"@id":"https:\/\/dezinsectiiprofesionale.ro\/#\/schema\/logo\/image\/"}}]}},"_links":{"self":[{"href":"https:\/\/dezinsectiiprofesionale.ro\/index.php\/wp-json\/wp\/v2\/pages\/1278","targetHints":{"allow":["GET"]}}],"collection":[{"href":"https:\/\/dezinsectiiprofesionale.ro\/index.php\/wp-json\/wp\/v2\/pages"}],"about":[{"href":"https:\/\/dezinsectiiprofesionale.ro\/index.php\/wp-json\/wp\/v2\/types\/page"}],"author":[{"embeddable":true,"href":"https:\/\/dezinsectiiprofesionale.ro\/index.php\/wp-json\/wp\/v2\/users\/1"}],"replies":[{"embeddable":true,"href":"https:\/\/dezinsectiiprofesionale.ro\/index.php\/wp-json\/wp\/v2\/comments?post=1278"}],"version-history":[{"count":79,"href":"https:\/\/dezinsectiiprofesionale.ro\/index.php\/wp-json\/wp\/v2\/pages\/1278\/revisions"}],"predecessor-version":[{"id":1363,"href":"https:\/\/dezinsectiiprofesionale.ro\/index.php\/wp-json\/wp\/v2\/pages\/1278\/revisions\/1363"}],"wp:attachment":[{"href":"https:\/\/dezinsectiiprofesionale.ro\/index.php\/wp-json\/wp\/v2\/media?parent=1278"}],"curies":[{"name":"wp","href":"https:\/\/api.w.org\/{rel}","templated":true}]}}