{"id":1443,"date":"2021-11-25T15:03:04","date_gmt":"2021-11-25T15:03:04","guid":{"rendered":"https:\/\/dezinsectiiprofesionale.ro\/?page_id=1443"},"modified":"2021-11-25T19:09:43","modified_gmt":"2021-11-25T19:09:43","slug":"dergall","status":"publish","type":"page","link":"https:\/\/dezinsectiiprofesionale.ro\/index.php\/dergall\/","title":{"rendered":"Dergall"},"content":{"rendered":"\t\t<div data-elementor-type=\"wp-page\" data-elementor-id=\"1443\" class=\"elementor elementor-1443\">\n\t\t\t\t\t\t<section class=\"elementor-section elementor-top-section elementor-element elementor-element-20cd8f74 elementor-section-boxed elementor-section-height-default elementor-section-height-default\" data-id=\"20cd8f74\" data-element_type=\"section\" data-e-type=\"section\">\n\t\t\t\t\t\t<div class=\"elementor-container elementor-column-gap-default\">\n\t\t\t\t\t<div class=\"elementor-column elementor-col-100 elementor-top-column elementor-element elementor-element-768a7189\" data-id=\"768a7189\" data-element_type=\"column\" data-e-type=\"column\">\n\t\t\t<div class=\"elementor-widget-wrap elementor-element-populated\">\n\t\t\t\t\t\t<div class=\"elementor-element elementor-element-544550e8 elementor-widget elementor-widget-text-editor\" data-id=\"544550e8\" data-element_type=\"widget\" data-e-type=\"widget\" data-widget_type=\"text-editor.default\">\n\t\t\t\t<div class=\"elementor-widget-container\">\n\t\t\t\t\t\t\t\t\t<h3 style=\"text-align: center;\"><span style=\"color: #003366;\">DERGALL PULVERIZABIL<\/span><br \/><span style=\"color: #000000;\">Agent de imobilizare si capcana inovativa pentru parazitii externi ai pasarilor de curte si exotice<\/span><\/h3>\t\t\t\t\t\t\t\t<\/div>\n\t\t\t\t<\/div>\n\t\t\t\t\t<\/div>\n\t\t<\/div>\n\t\t\t\t\t<\/div>\n\t\t<\/section>\n\t\t\t\t<section class=\"elementor-section elementor-top-section elementor-element elementor-element-b0c0be5 elementor-section-boxed elementor-section-height-default elementor-section-height-default\" data-id=\"b0c0be5\" data-element_type=\"section\" data-e-type=\"section\">\n\t\t\t\t\t\t<div class=\"elementor-container elementor-column-gap-default\">\n\t\t\t\t\t<div class=\"elementor-column elementor-col-50 elementor-top-column elementor-element elementor-element-42dc1c36\" data-id=\"42dc1c36\" data-element_type=\"column\" data-e-type=\"column\">\n\t\t\t<div class=\"elementor-widget-wrap elementor-element-populated\">\n\t\t\t\t\t\t<div class=\"elementor-element elementor-element-3fd7be4d elementor-widget elementor-widget-text-editor\" data-id=\"3fd7be4d\" data-element_type=\"widget\" data-e-type=\"widget\" data-widget_type=\"text-editor.default\">\n\t\t\t\t<div class=\"elementor-widget-container\">\n\t\t\t\t\t\t\t\t\t<p><span style=\"color: #003366;\"><strong><img decoding=\"async\" class=\"size-full wp-image-1478 alignright\" src=\"https:\/\/dezinsectiiprofesionale.ro\/wp-content\/uploads\/2021\/11\/logo.png\" alt=\"Dergall Logo\" width=\"201\" height=\"97\" \/>Ce este DERGALL \u0219i pentru ce se utilizeaz\u0103?<\/strong><\/span><br \/><span style=\"color: #003366;\"><strong>\u2022<\/strong><\/span> <strong>DERGALL<\/strong> st\u0103 la baza unei metode fizice de control a d\u0103un\u0103torilor specifici p\u0103s\u0103rilor de curte si exotice (Dermanyssus Gallinae, Alphitobius diaperinus, Cnemidocoptes mutans).<br \/><span style=\"color: #003366;\"><strong>\u2022<\/strong><\/span> <strong>DERGALL<\/strong> are \u00een compozi\u021bie un polimer (Polialchilneoxid modificat heptametiltrisiloxan) care formeaz\u0103 o structur\u0103 tridimensional\u0103 \u00een jurul d\u0103un\u0103torilor pe care ii imobilizeaz\u0103.<br \/><span style=\"color: #003366;\"><strong>Cum aplic\u0103m DERGALL?<\/strong><\/span><br \/><span style=\"color: #003366;\"><strong>\u2022<\/strong><\/span> <strong>DERGALL<\/strong> se aplic\u0103 diluat la o concentra\u021bie de 1 % (10 ml de produs + 1 litru de ap\u0103).<br \/><span style=\"color: #003366;\"><strong>\u2022<\/strong><\/span> Solu\u021bia de lucru se aplic\u0103 prin pulverizare cu pompe.<br \/><span style=\"color: #003366;\"><strong>\u2022<\/strong><\/span> Suprafa\u021ba care poate fi tratat\u0103 cu 10 ml produs concentrat: 10-13 m2 (100 ml. solu\u021bie de lucru\/m2).<br \/><span style=\"color: #003366;\"><strong>\u2022<\/strong><\/span> Utiliza\u021bi presiune constant\u0103 \u00eentre 2,5 \u0219i 3,5 bari.<br \/><span style=\"color: #003366;\"><strong>\u2022<\/strong><\/span> Nu este nevoie de mixer special.<br \/>Chiar \u0219i cu ambalajul deschis <strong>DERGALL<\/strong> nu i\u0219i schimb\u0103 propriet\u0103\u021bile timp de 4 ani.<br \/>Un flacon de 1 L este optim pentru efectuarea dilu\u021biei. Se pune ap\u0103 \u00een flacon \u0219i se adaug\u0103 cantitatea potrivt\u0103 de <strong>DERGALL<\/strong> (10 ml), amesteca\u021bi \u0219i pulveriza\u021bi, \u00een mod normal solu\u021bia va fi omogen\u0103.<\/p>\t\t\t\t\t\t\t\t<\/div>\n\t\t\t\t<\/div>\n\t\t\t\t\t<\/div>\n\t\t<\/div>\n\t\t\t\t<div class=\"elementor-column elementor-col-50 elementor-top-column elementor-element elementor-element-2f075118\" data-id=\"2f075118\" data-element_type=\"column\" data-e-type=\"column\">\n\t\t\t<div class=\"elementor-widget-wrap elementor-element-populated\">\n\t\t\t\t\t\t<div class=\"elementor-element elementor-element-781b1942 elementor-invisible elementor-widget elementor-widget-image\" data-id=\"781b1942\" data-element_type=\"widget\" data-e-type=\"widget\" data-settings=\"{&quot;_animation&quot;:&quot;zoomIn&quot;}\" data-widget_type=\"image.default\">\n\t\t\t\t<div class=\"elementor-widget-container\">\n\t\t\t\t\t\t\t\t\t\t\t\t\t\t\t<img fetchpriority=\"high\" decoding=\"async\" width=\"506\" height=\"656\" src=\"https:\/\/dezinsectiiprofesionale.ro\/wp-content\/uploads\/2021\/11\/semi.png\" class=\"elementor-animation-grow attachment-full size-full wp-image-1462\" alt=\"\" srcset=\"https:\/\/dezinsectiiprofesionale.ro\/wp-content\/uploads\/2021\/11\/semi.png 506w, https:\/\/dezinsectiiprofesionale.ro\/wp-content\/uploads\/2021\/11\/semi-231x300.png 231w\" sizes=\"(max-width: 506px) 100vw, 506px\" \/>\t\t\t\t\t\t\t\t\t\t\t\t\t\t\t<\/div>\n\t\t\t\t<\/div>\n\t\t\t\t\t<\/div>\n\t\t<\/div>\n\t\t\t\t\t<\/div>\n\t\t<\/section>\n\t\t\t\t<section class=\"elementor-section elementor-top-section elementor-element elementor-element-312e37d elementor-section-boxed elementor-section-height-default elementor-section-height-default\" data-id=\"312e37d\" data-element_type=\"section\" data-e-type=\"section\">\n\t\t\t\t\t\t<div class=\"elementor-container elementor-column-gap-default\">\n\t\t\t\t\t<div class=\"elementor-column elementor-col-100 elementor-top-column elementor-element elementor-element-102b73e\" data-id=\"102b73e\" data-element_type=\"column\" data-e-type=\"column\">\n\t\t\t<div class=\"elementor-widget-wrap elementor-element-populated\">\n\t\t\t\t\t\t<div class=\"elementor-element elementor-element-fe679db elementor-widget elementor-widget-text-editor\" data-id=\"fe679db\" data-element_type=\"widget\" data-e-type=\"widget\" data-widget_type=\"text-editor.default\">\n\t\t\t\t<div class=\"elementor-widget-container\">\n\t\t\t\t\t\t\t\t\t<p><span style=\"color: #003366;\"><strong>Pentru controlul Dermanyssus Gallinae:<\/strong><\/span><br \/><span style=\"color: #003366;\"><strong>\u2022<\/strong><\/span> Tratamentul trebuie efectuat la o or\u0103 dup\u0103 stingerea luminii c\u00e2nd p\u0103s\u0103rile sunt lini\u0219tite.<br \/><span style=\"color: #003366;\"><strong>\u2022<\/strong><\/span> Utiliza\u021bi o surs\u0103 slab\u0103 de lumin\u0103 albastr\u0103.<br \/><span style=\"color: #003366;\"><strong>\u2022<\/strong><\/span> Solu\u021bia poate fi aplicat\u0103 \u00een prezen\u021ba p\u0103s\u0103rilor.<br \/><span style=\"color: #003366;\"><strong>\u2022<\/strong><\/span> \u021ain\u00e2nd cont de ciclul biologic al Dermanyssus Gallinae, se va efectua o repetare a tratamentului dup\u0103 5 zile. \u00cen func\u021bie de gradul infesta\u021biei aceasta poate controla popula\u021biile parazitare timp de 30 \u2013 60 de zile.<br \/><span style=\"color: #003366;\"><strong>\u2022<\/strong><\/span> \u00cen cazul \u00een care s-au efectuat tratamente cu p\u0103m\u00e2nt de diatomee cantitatea de produs utlizat\u0103 \/ mp se va dubla.<span style=\"color: #003366;\"><strong><br \/>\u00cenainte de a utiliza DERGALL:<\/strong><\/span><br \/><span style=\"color: #003366;\"><strong>\u2022<\/strong><\/span> Utiliza\u021bi m\u0103nu\u0219i de protec\u021bie. Purta\u021bi m\u0103nu\u0219i de protec\u021bie din butil-cauciuc, nitril-cauciuc, policlorur\u0103 de vinil, grosime min. 0,4 \u2013 0,7 mm.<br \/><span style=\"color: #003366;\"><strong>\u2022<\/strong><\/span> Evita\u021bi contactul direct cu gura, pielea \u0219i ochii. Nu consuma\u021bi lichide sau alimente \u00een timpul manipul\u0103rii produsului. Produsul trebuie utilizat numai conform domeniului s\u0103u de utilizare.<\/p>\t\t\t\t\t\t\t\t<\/div>\n\t\t\t\t<\/div>\n\t\t\t\t\t<\/div>\n\t\t<\/div>\n\t\t\t\t\t<\/div>\n\t\t<\/section>\n\t\t\t\t<section class=\"elementor-section elementor-top-section elementor-element elementor-element-a516acd elementor-section-boxed elementor-section-height-default elementor-section-height-default\" data-id=\"a516acd\" data-element_type=\"section\" data-e-type=\"section\">\n\t\t\t\t\t\t<div class=\"elementor-container elementor-column-gap-default\">\n\t\t\t\t\t<div class=\"elementor-column elementor-col-100 elementor-top-column elementor-element elementor-element-2713419\" data-id=\"2713419\" data-element_type=\"column\" data-e-type=\"column\">\n\t\t\t<div class=\"elementor-widget-wrap elementor-element-populated\">\n\t\t\t\t\t\t<div class=\"elementor-element elementor-element-a5de284 elementor-invisible elementor-widget elementor-widget-image\" data-id=\"a5de284\" data-element_type=\"widget\" data-e-type=\"widget\" data-settings=\"{&quot;_animation&quot;:&quot;fadeIn&quot;}\" data-widget_type=\"image.default\">\n\t\t\t\t<div class=\"elementor-widget-container\">\n\t\t\t\t\t\t\t\t\t\t\t\t\t\t\t<img decoding=\"async\" src=\"https:\/\/dezinsectiiprofesionale.ro\/wp-content\/uploads\/elementor\/thumbs\/paraziti-pvwwzclutuyz7qfi5i3694221ycqkxpip6uxehgik6.jpg\" title=\"Dergall Paraziti\" alt=\"Dergall Paraziti\" loading=\"lazy\" \/>\t\t\t\t\t\t\t\t\t\t\t\t\t\t\t<\/div>\n\t\t\t\t<\/div>\n\t\t\t\t\t<\/div>\n\t\t<\/div>\n\t\t\t\t\t<\/div>\n\t\t<\/section>\n\t\t\t\t<section class=\"elementor-section elementor-top-section elementor-element elementor-element-b736463 elementor-section-boxed elementor-section-height-default elementor-section-height-default\" data-id=\"b736463\" data-element_type=\"section\" data-e-type=\"section\">\n\t\t\t\t\t\t<div class=\"elementor-container elementor-column-gap-default\">\n\t\t\t\t\t<div class=\"elementor-column elementor-col-100 elementor-top-column elementor-element elementor-element-75e3e0d\" data-id=\"75e3e0d\" data-element_type=\"column\" data-e-type=\"column\">\n\t\t\t<div class=\"elementor-widget-wrap elementor-element-populated\">\n\t\t\t\t\t\t<div class=\"elementor-element elementor-element-e123364 elementor-invisible elementor-widget elementor-widget-image\" data-id=\"e123364\" data-element_type=\"widget\" data-e-type=\"widget\" data-settings=\"{&quot;_animation&quot;:&quot;bounceInLeft&quot;}\" data-widget_type=\"image.default\">\n\t\t\t\t<div class=\"elementor-widget-container\">\n\t\t\t\t\t\t\t\t\t\t\t\t\t\t\t<img decoding=\"async\" width=\"800\" height=\"912\" src=\"https:\/\/dezinsectiiprofesionale.ro\/wp-content\/uploads\/2021\/11\/Poster-Dergall-RO-A3.jpg\" class=\"attachment-large size-large wp-image-1482\" alt=\"Dergall Biosecuritate\" srcset=\"https:\/\/dezinsectiiprofesionale.ro\/wp-content\/uploads\/2021\/11\/Poster-Dergall-RO-A3.jpg 800w, https:\/\/dezinsectiiprofesionale.ro\/wp-content\/uploads\/2021\/11\/Poster-Dergall-RO-A3-263x300.jpg 263w, https:\/\/dezinsectiiprofesionale.ro\/wp-content\/uploads\/2021\/11\/Poster-Dergall-RO-A3-768x876.jpg 768w\" sizes=\"(max-width: 800px) 100vw, 800px\" \/>\t\t\t\t\t\t\t\t\t\t\t\t\t\t\t<\/div>\n\t\t\t\t<\/div>\n\t\t\t\t\t<\/div>\n\t\t<\/div>\n\t\t\t\t\t<\/div>\n\t\t<\/section>\n\t\t\t\t<section class=\"elementor-section elementor-top-section elementor-element elementor-element-63bdb6a elementor-section-boxed elementor-section-height-default elementor-section-height-default\" data-id=\"63bdb6a\" data-element_type=\"section\" data-e-type=\"section\">\n\t\t\t\t\t\t<div class=\"elementor-container elementor-column-gap-default\">\n\t\t\t\t\t<div class=\"elementor-column elementor-col-100 elementor-top-column elementor-element elementor-element-f331f03\" data-id=\"f331f03\" data-element_type=\"column\" data-e-type=\"column\">\n\t\t\t<div class=\"elementor-widget-wrap elementor-element-populated\">\n\t\t\t\t\t\t<div class=\"elementor-element elementor-element-20ab136 elementor-widget elementor-widget-text-editor\" data-id=\"20ab136\" data-element_type=\"widget\" data-e-type=\"widget\" data-widget_type=\"text-editor.default\">\n\t\t\t\t<div class=\"elementor-widget-container\">\n\t\t\t\t\t\t\t\t\t<p><span style=\"color: #003366;\"><strong>DERGALL<\/strong><\/span> este conceput \u0219i pentru a imobiliza infesta\u021biile cu C\u0103pu\u0219a Ro\u0219ie (Dermanyssus gallinae).<br \/><span style=\"color: #003366;\"><strong>DERGALL<\/strong><\/span> se aplic\u0103 la o concentra\u021bie de 1% (10 ml DERGALL\/1 litru de ap\u0103), la o rat\u0103 de 100 ml\/mp. Este indicat\u0103 repetarea la 5-7 zile de la prima aplicare.<br \/><span style=\"color: #003366;\"><strong>Coduri de pericol:<\/strong><\/span> H319, H332, H411, P101, P102, P261, P273, P280, P305+P351+P338,P337+P313, P501.<br \/><span style=\"color: #003366;\"><strong>Volum:<\/strong><\/span> 10 ml.\u00a0<span style=\"color: #003366;\"><strong>Suprafa\u021ba de acoperire:<\/strong><\/span> 10-30 mp.\u00a0 \u00a0 \u00a0 \u00a0 \u00a0 \u00a0 \u00a0 \u00a0 \u00a0 \u00a0 \u00a0 \u00a0 \u00a0 \u00a0 \u00a0 \u00a0 \u00a0 \u00a0 \u00a0 \u00a0 \u00a0<span style=\"color: #003366;\"><strong>Volum:<\/strong><\/span>\u00a050 ml.\u00a0<span style=\"color: #003366;\"><strong>Suprafa\u021ba de acoperire:<\/strong><\/span>\u00a050-150 mp.<\/p>\t\t\t\t\t\t\t\t<\/div>\n\t\t\t\t<\/div>\n\t\t\t\t\t<\/div>\n\t\t<\/div>\n\t\t\t\t\t<\/div>\n\t\t<\/section>\n\t\t\t\t<section class=\"elementor-section elementor-top-section elementor-element elementor-element-75369568 elementor-section-boxed elementor-section-height-default elementor-section-height-default\" data-id=\"75369568\" data-element_type=\"section\" data-e-type=\"section\">\n\t\t\t\t\t\t<div class=\"elementor-container elementor-column-gap-default\">\n\t\t\t\t\t<div class=\"elementor-column elementor-col-100 elementor-top-column elementor-element elementor-element-7513aee7\" data-id=\"7513aee7\" data-element_type=\"column\" data-e-type=\"column\">\n\t\t\t<div class=\"elementor-widget-wrap elementor-element-populated\">\n\t\t\t\t\t\t<div class=\"elementor-element elementor-element-6427358b elementor-invisible elementor-widget elementor-widget-google_maps\" data-id=\"6427358b\" data-element_type=\"widget\" data-e-type=\"widget\" data-settings=\"{&quot;_animation&quot;:&quot;zoomIn&quot;}\" data-widget_type=\"google_maps.default\">\n\t\t\t\t<div class=\"elementor-widget-container\">\n\t\t\t\t\t\t\t<div class=\"elementor-custom-embed\">\n\t\t\t<iframe loading=\"lazy\"\n\t\t\t\t\tsrc=\"https:\/\/maps.google.com\/maps?q=Cluj-Napoca%2C%20Str.%20Albiei%2C%20Nr.4&#038;t=m&#038;z=10&#038;output=embed&#038;iwloc=near\"\n\t\t\t\t\ttitle=\"Cluj-Napoca, Str. Albiei, Nr.4\"\n\t\t\t\t\taria-label=\"Cluj-Napoca, Str. Albiei, Nr.4\"\n\t\t\t><\/iframe>\n\t\t<\/div>\n\t\t\t\t\t\t<\/div>\n\t\t\t\t<\/div>\n\t\t\t\t\t<\/div>\n\t\t<\/div>\n\t\t\t\t\t<\/div>\n\t\t<\/section>\n\t\t\t\t<section class=\"elementor-section elementor-top-section elementor-element elementor-element-58840314 elementor-section-boxed elementor-section-height-default elementor-section-height-default\" data-id=\"58840314\" data-element_type=\"section\" data-e-type=\"section\">\n\t\t\t\t\t\t<div class=\"elementor-container elementor-column-gap-default\">\n\t\t\t\t\t<div class=\"elementor-column elementor-col-100 elementor-top-column elementor-element elementor-element-eec8d19\" data-id=\"eec8d19\" data-element_type=\"column\" data-e-type=\"column\">\n\t\t\t<div class=\"elementor-widget-wrap elementor-element-populated\">\n\t\t\t\t\t\t<div class=\"elementor-element elementor-element-7ea0faba elementor-widget elementor-widget-text-editor\" data-id=\"7ea0faba\" data-element_type=\"widget\" data-e-type=\"widget\" data-widget_type=\"text-editor.default\">\n\t\t\t\t<div class=\"elementor-widget-container\">\n\t\t\t\t\t\t\t\t\t<p><strong>Servicii Publice S.A.<\/strong><br \/>Adresa: Str. Albiei, Nr.4, Cluj-Napoca, Cluj, Romania, 400633<br \/>Telefon: 0264 418 676 ;\u00a0 \u00a0Fax: 0264 413 777<br \/>E-mail: office@servicii-publice.ro<\/p>\t\t\t\t\t\t\t\t<\/div>\n\t\t\t\t<\/div>\n\t\t\t\t\t<\/div>\n\t\t<\/div>\n\t\t\t\t\t<\/div>\n\t\t<\/section>\n\t\t\t\t<\/div>\n\t\t","protected":false},"excerpt":{"rendered":"<p>DERGALL PULVERIZABILAgent de imobilizare si capcana inovativa pentru parazitii externi ai pasarilor de curte si exotice Ce este DERGALL \u0219i pentru ce se utilizeaz\u0103?\u2022 DERGALL st\u0103 la baza unei metode<\/p>\n<p class=\"more-link\"><a href=\"https:\/\/dezinsectiiprofesionale.ro\/index.php\/dergall\/\" class=\"readmore\">Continue reading<svg class=\"icon icon-arrow-right\" aria-hidden=\"true\" role=\"img\"> <use href=\"#icon-arrow-right\" xlink:href=\"#icon-arrow-right\"><\/use> <\/svg><span class=\"screen-reader-text\">Dergall<\/span><\/a><\/p>\n","protected":false},"author":1,"featured_media":0,"parent":0,"menu_order":0,"comment_status":"closed","ping_status":"closed","template":"","meta":{"footnotes":""},"class_list":["post-1443","page","type-page","status-publish","hentry"],"yoast_head":"<!-- This site is optimized with the Yoast SEO plugin v27.3 - https:\/\/yoast.com\/product\/yoast-seo-wordpress\/ -->\n<title>Dergall - Dezinsectii Profesionale<\/title>\n<meta name=\"robots\" content=\"index, follow, max-snippet:-1, max-image-preview:large, max-video-preview:-1\" \/>\n<link rel=\"canonical\" href=\"https:\/\/dezinsectiiprofesionale.ro\/index.php\/dergall\/\" \/>\n<meta property=\"og:locale\" content=\"en_US\" \/>\n<meta property=\"og:type\" content=\"article\" \/>\n<meta property=\"og:title\" content=\"Dergall - Dezinsectii Profesionale\" \/>\n<meta property=\"og:description\" content=\"DERGALL PULVERIZABILAgent de imobilizare si capcana inovativa pentru parazitii externi ai pasarilor de curte si exotice Ce este DERGALL \u0219i pentru ce se utilizeaz\u0103?\u2022 DERGALL st\u0103 la baza unei metodeContinue reading Dergall\" \/>\n<meta property=\"og:url\" content=\"https:\/\/dezinsectiiprofesionale.ro\/index.php\/dergall\/\" \/>\n<meta property=\"og:site_name\" content=\"Dezinsectii Profesionale\" \/>\n<meta property=\"article:modified_time\" content=\"2021-11-25T19:09:43+00:00\" \/>\n<meta property=\"og:image\" content=\"https:\/\/dezinsectiiprofesionale.ro\/wp-content\/uploads\/2021\/11\/logo.png\" \/>\n<meta name=\"twitter:card\" content=\"summary_large_image\" \/>\n<meta name=\"twitter:label1\" content=\"Est. reading time\" \/>\n\t<meta name=\"twitter:data1\" content=\"3 minutes\" \/>\n<script type=\"application\/ld+json\" class=\"yoast-schema-graph\">{\"@context\":\"https:\\\/\\\/schema.org\",\"@graph\":[{\"@type\":\"WebPage\",\"@id\":\"https:\\\/\\\/dezinsectiiprofesionale.ro\\\/index.php\\\/dergall\\\/\",\"url\":\"https:\\\/\\\/dezinsectiiprofesionale.ro\\\/index.php\\\/dergall\\\/\",\"name\":\"Dergall - Dezinsectii Profesionale\",\"isPartOf\":{\"@id\":\"https:\\\/\\\/dezinsectiiprofesionale.ro\\\/#website\"},\"primaryImageOfPage\":{\"@id\":\"https:\\\/\\\/dezinsectiiprofesionale.ro\\\/index.php\\\/dergall\\\/#primaryimage\"},\"image\":{\"@id\":\"https:\\\/\\\/dezinsectiiprofesionale.ro\\\/index.php\\\/dergall\\\/#primaryimage\"},\"thumbnailUrl\":\"https:\\\/\\\/dezinsectiiprofesionale.ro\\\/wp-content\\\/uploads\\\/2021\\\/11\\\/logo.png\",\"datePublished\":\"2021-11-25T15:03:04+00:00\",\"dateModified\":\"2021-11-25T19:09:43+00:00\",\"breadcrumb\":{\"@id\":\"https:\\\/\\\/dezinsectiiprofesionale.ro\\\/index.php\\\/dergall\\\/#breadcrumb\"},\"inLanguage\":\"en-US\",\"potentialAction\":[{\"@type\":\"ReadAction\",\"target\":[\"https:\\\/\\\/dezinsectiiprofesionale.ro\\\/index.php\\\/dergall\\\/\"]}]},{\"@type\":\"ImageObject\",\"inLanguage\":\"en-US\",\"@id\":\"https:\\\/\\\/dezinsectiiprofesionale.ro\\\/index.php\\\/dergall\\\/#primaryimage\",\"url\":\"https:\\\/\\\/dezinsectiiprofesionale.ro\\\/wp-content\\\/uploads\\\/2021\\\/11\\\/logo.png\",\"contentUrl\":\"https:\\\/\\\/dezinsectiiprofesionale.ro\\\/wp-content\\\/uploads\\\/2021\\\/11\\\/logo.png\",\"width\":201,\"height\":97,\"caption\":\"Dergall Logo\"},{\"@type\":\"BreadcrumbList\",\"@id\":\"https:\\\/\\\/dezinsectiiprofesionale.ro\\\/index.php\\\/dergall\\\/#breadcrumb\",\"itemListElement\":[{\"@type\":\"ListItem\",\"position\":1,\"name\":\"Home\",\"item\":\"https:\\\/\\\/dezinsectiiprofesionale.ro\\\/\"},{\"@type\":\"ListItem\",\"position\":2,\"name\":\"Dergall\"}]},{\"@type\":\"WebSite\",\"@id\":\"https:\\\/\\\/dezinsectiiprofesionale.ro\\\/#website\",\"url\":\"https:\\\/\\\/dezinsectiiprofesionale.ro\\\/\",\"name\":\"Dezinsectii Profesionale\",\"description\":\"Produse Profesionale - Servicii Profesionale\",\"publisher\":{\"@id\":\"https:\\\/\\\/dezinsectiiprofesionale.ro\\\/#organization\"},\"potentialAction\":[{\"@type\":\"SearchAction\",\"target\":{\"@type\":\"EntryPoint\",\"urlTemplate\":\"https:\\\/\\\/dezinsectiiprofesionale.ro\\\/?s={search_term_string}\"},\"query-input\":{\"@type\":\"PropertyValueSpecification\",\"valueRequired\":true,\"valueName\":\"search_term_string\"}}],\"inLanguage\":\"en-US\"},{\"@type\":\"Organization\",\"@id\":\"https:\\\/\\\/dezinsectiiprofesionale.ro\\\/#organization\",\"name\":\"Dezinsectii Profesionale\",\"url\":\"https:\\\/\\\/dezinsectiiprofesionale.ro\\\/\",\"logo\":{\"@type\":\"ImageObject\",\"inLanguage\":\"en-US\",\"@id\":\"https:\\\/\\\/dezinsectiiprofesionale.ro\\\/#\\\/schema\\\/logo\\\/image\\\/\",\"url\":\"https:\\\/\\\/dezinsectiiprofesionale.ro\\\/wp-content\\\/uploads\\\/2021\\\/02\\\/sigla-sericii-publice.png\",\"contentUrl\":\"https:\\\/\\\/dezinsectiiprofesionale.ro\\\/wp-content\\\/uploads\\\/2021\\\/02\\\/sigla-sericii-publice.png\",\"caption\":\"Dezinsectii Profesionale\"},\"image\":{\"@id\":\"https:\\\/\\\/dezinsectiiprofesionale.ro\\\/#\\\/schema\\\/logo\\\/image\\\/\"}}]}<\/script>\n<!-- \/ Yoast SEO plugin. -->","yoast_head_json":{"title":"Dergall - Dezinsectii Profesionale","robots":{"index":"index","follow":"follow","max-snippet":"max-snippet:-1","max-image-preview":"max-image-preview:large","max-video-preview":"max-video-preview:-1"},"canonical":"https:\/\/dezinsectiiprofesionale.ro\/index.php\/dergall\/","og_locale":"en_US","og_type":"article","og_title":"Dergall - Dezinsectii Profesionale","og_description":"DERGALL PULVERIZABILAgent de imobilizare si capcana inovativa pentru parazitii externi ai pasarilor de curte si exotice Ce este DERGALL \u0219i pentru ce se utilizeaz\u0103?\u2022 DERGALL st\u0103 la baza unei metodeContinue reading Dergall","og_url":"https:\/\/dezinsectiiprofesionale.ro\/index.php\/dergall\/","og_site_name":"Dezinsectii Profesionale","article_modified_time":"2021-11-25T19:09:43+00:00","og_image":[{"url":"https:\/\/dezinsectiiprofesionale.ro\/wp-content\/uploads\/2021\/11\/logo.png","type":"","width":"","height":""}],"twitter_card":"summary_large_image","twitter_misc":{"Est. reading time":"3 minutes"},"schema":{"@context":"https:\/\/schema.org","@graph":[{"@type":"WebPage","@id":"https:\/\/dezinsectiiprofesionale.ro\/index.php\/dergall\/","url":"https:\/\/dezinsectiiprofesionale.ro\/index.php\/dergall\/","name":"Dergall - Dezinsectii Profesionale","isPartOf":{"@id":"https:\/\/dezinsectiiprofesionale.ro\/#website"},"primaryImageOfPage":{"@id":"https:\/\/dezinsectiiprofesionale.ro\/index.php\/dergall\/#primaryimage"},"image":{"@id":"https:\/\/dezinsectiiprofesionale.ro\/index.php\/dergall\/#primaryimage"},"thumbnailUrl":"https:\/\/dezinsectiiprofesionale.ro\/wp-content\/uploads\/2021\/11\/logo.png","datePublished":"2021-11-25T15:03:04+00:00","dateModified":"2021-11-25T19:09:43+00:00","breadcrumb":{"@id":"https:\/\/dezinsectiiprofesionale.ro\/index.php\/dergall\/#breadcrumb"},"inLanguage":"en-US","potentialAction":[{"@type":"ReadAction","target":["https:\/\/dezinsectiiprofesionale.ro\/index.php\/dergall\/"]}]},{"@type":"ImageObject","inLanguage":"en-US","@id":"https:\/\/dezinsectiiprofesionale.ro\/index.php\/dergall\/#primaryimage","url":"https:\/\/dezinsectiiprofesionale.ro\/wp-content\/uploads\/2021\/11\/logo.png","contentUrl":"https:\/\/dezinsectiiprofesionale.ro\/wp-content\/uploads\/2021\/11\/logo.png","width":201,"height":97,"caption":"Dergall Logo"},{"@type":"BreadcrumbList","@id":"https:\/\/dezinsectiiprofesionale.ro\/index.php\/dergall\/#breadcrumb","itemListElement":[{"@type":"ListItem","position":1,"name":"Home","item":"https:\/\/dezinsectiiprofesionale.ro\/"},{"@type":"ListItem","position":2,"name":"Dergall"}]},{"@type":"WebSite","@id":"https:\/\/dezinsectiiprofesionale.ro\/#website","url":"https:\/\/dezinsectiiprofesionale.ro\/","name":"Dezinsectii Profesionale","description":"Produse Profesionale - Servicii Profesionale","publisher":{"@id":"https:\/\/dezinsectiiprofesionale.ro\/#organization"},"potentialAction":[{"@type":"SearchAction","target":{"@type":"EntryPoint","urlTemplate":"https:\/\/dezinsectiiprofesionale.ro\/?s={search_term_string}"},"query-input":{"@type":"PropertyValueSpecification","valueRequired":true,"valueName":"search_term_string"}}],"inLanguage":"en-US"},{"@type":"Organization","@id":"https:\/\/dezinsectiiprofesionale.ro\/#organization","name":"Dezinsectii Profesionale","url":"https:\/\/dezinsectiiprofesionale.ro\/","logo":{"@type":"ImageObject","inLanguage":"en-US","@id":"https:\/\/dezinsectiiprofesionale.ro\/#\/schema\/logo\/image\/","url":"https:\/\/dezinsectiiprofesionale.ro\/wp-content\/uploads\/2021\/02\/sigla-sericii-publice.png","contentUrl":"https:\/\/dezinsectiiprofesionale.ro\/wp-content\/uploads\/2021\/02\/sigla-sericii-publice.png","caption":"Dezinsectii Profesionale"},"image":{"@id":"https:\/\/dezinsectiiprofesionale.ro\/#\/schema\/logo\/image\/"}}]}},"_links":{"self":[{"href":"https:\/\/dezinsectiiprofesionale.ro\/index.php\/wp-json\/wp\/v2\/pages\/1443","targetHints":{"allow":["GET"]}}],"collection":[{"href":"https:\/\/dezinsectiiprofesionale.ro\/index.php\/wp-json\/wp\/v2\/pages"}],"about":[{"href":"https:\/\/dezinsectiiprofesionale.ro\/index.php\/wp-json\/wp\/v2\/types\/page"}],"author":[{"embeddable":true,"href":"https:\/\/dezinsectiiprofesionale.ro\/index.php\/wp-json\/wp\/v2\/users\/1"}],"replies":[{"embeddable":true,"href":"https:\/\/dezinsectiiprofesionale.ro\/index.php\/wp-json\/wp\/v2\/comments?post=1443"}],"version-history":[{"count":46,"href":"https:\/\/dezinsectiiprofesionale.ro\/index.php\/wp-json\/wp\/v2\/pages\/1443\/revisions"}],"predecessor-version":[{"id":1499,"href":"https:\/\/dezinsectiiprofesionale.ro\/index.php\/wp-json\/wp\/v2\/pages\/1443\/revisions\/1499"}],"wp:attachment":[{"href":"https:\/\/dezinsectiiprofesionale.ro\/index.php\/wp-json\/wp\/v2\/media?parent=1443"}],"curies":[{"name":"wp","href":"https:\/\/api.w.org\/{rel}","templated":true}]}}